{"id":25,"date":"2015-12-29T10:43:14","date_gmt":"2015-12-29T09:43:14","guid":{"rendered":"https:\/\/www.provocantus.de\/?page_id=25"},"modified":"2025-11-10T18:29:30","modified_gmt":"2025-11-10T17:29:30","slug":"mitsingen","status":"publish","type":"page","link":"https:\/\/www.provocantus.de\/index.php\/mitsingen\/","title":{"rendered":"Mitsingen"},"content":{"rendered":"<h2 style=\"text-align: center;\">Chormusik, Konzerte, Chorfahrten, Stimmbildung, Chorgemeinschaft<\/h2>\n<h4 style=\"text-align: center;\">\u00a0Sing mit bei ProvoCantus!!<\/h4>\n<p style=\"text-align: center;\"><strong>Komm vorbei zur Chorprobe!<br \/>\n<\/strong><strong>Wir freuen uns auf DICH!<br \/>\n<\/strong><\/p>\n<p style=\"text-align: left;\"><strong>WANN: <\/strong>Freitags von 19-21 Uhr, geblockte Proben (siehe unten)<\/p>\n<p style=\"text-align: left;\"><strong>WO: <\/strong>Caritasschule Freyung, Ludwig-Penzkofer-Stra\u00dfe 3, 94078 Freyung<\/p>\n<p style=\"text-align: left;\"><strong>WER: <\/strong>Jeder der Spa\u00df am Singen hat!<\/p>\n<div class=\"divider\" style=\"margin-top:20px; margin-bottom:20px; border-top:1px solid #CCCCCC;width:100%\"\/><\/div>\n<p><strong><span style=\"text-decoration: underline;\"><span style=\"font-size: 21px;\">N\u00e4chste Projekte:<\/span><\/span><br \/>\n<\/strong><\/p>\n<p><strong><span style=\"color: #ff0000;\">Handel Messiah<\/span><\/strong> (Konzerte am 11. und 12. April 2026 in der Pfarrkirche Hinterschmiding)<\/p>\n<p>hier:<strong><a href=\"https:\/\/www.provocantus.de\/wp-content\/uploads\/2025\/11\/Messias-Probenplan-25_251110_181827.pdf\"> Probenplan Messiah Handel<\/a><\/strong><\/p>\n<p><strong><span style=\"color: #ff0000;\">WORKSHOP <\/span><\/strong><br \/>\n<strong><span style=\"color: #ff0000;\">SINGEN IM CHOR- GEMEINSAM F\u00dcR EINKLANG<\/span><\/strong><br \/>\n24. \u2013 26. Okt 2025<br \/>\nBeginn Fr 18.30 Uhr &#8211; Ende So 12.00 Uhr<br \/>\nTeilnehmergeb\u00fchr: 120,- Inkl. \u00dcbernachtung und Verpflegung<br \/>\nJudith Kamphues, bekannt durch den Kinofilm Unsere Herzen &#8211; Ein Klang, trainiert seit<br \/>\n1996 die Themen Pr\u00e4senz, Auftritt und Umgang mit der eigenen Stimme. Ihre Erfahrungen<br \/>\naus Theater, Oper und Chorleitung setzt sie beim Thema Sprech- und Gesangskunst und<br \/>\nPers\u00f6nlichkeitsentwicklung gewinnbringend ein. Sie ist ein gefragter Coach f\u00fcr Ch\u00f6re und<br \/>\nVocalensembles. Weitere Infos unter www.judithkamphues.de<br \/>\nWas dich erwartet:<br \/>\n\uf0a7 professionelle Stimmbildung in der Gruppe und allein<br \/>\n\uf0a7 mehrstimmiges Singen im Chor &amp; Ensemble<br \/>\n\uf0a7 Spa\u00df und Geselligkeit im urigen Ambiente des Haidh\u00e4usls!<br \/>\nEingeladen sind alle, die Freude am Singen haben.<br \/>\nTeilnehmerzahl: max. 30<br \/>\n\uf0a7 \u00dcbernachtung &#8211; Bettw\u00e4sche wird gestellt<br \/>\n\uf0a7 Handt\u00fccher und Hausschuhe bitte mitbringen!<br \/>\n\uf0a7 Verpflegung inklusive<br \/>\nWeitere Referenten: David Menge, Jean Pierre Farber, Quirin W\u00fcrfl, Ansver Sobtzick<\/p>\n<p><span style=\"text-decoration: underline;\"><strong><span style=\"color: #ff0000; text-decoration: underline;\">Jesu, meine Freude\/Funeral Music of Queen Mary\u00a0<span style=\"color: #000000; text-decoration: underline;\">(Konzert: 6.Juli 2025)<\/span><\/span><\/strong><\/span><\/p>\n<p>Probentag: 24.Mai 2025 in der Caritasschule<\/p>\n<p>Probenblock A, 7.Juni 2025, 14.30 Uhr &#8211; 18.00 Uhr, in der Caritasschule<\/p>\n<p>Probenblock B, 14.Juni 2025, 14.30 Uhr &#8211; 18.00 Uhr, in der Caritasschule<\/p>\n<p>Probenwochenende 21.-22.Juni 2025 in der Caritasschule (Samstag, 10.00 Uhr bis 13.00 Uhr und 14.30 Uhr bis 17.30 Uhr, Sonntag,14.30 Uhr bis 18.00 Uhr)<\/p>\n<p>Samstag, 5.Juli 2025,<\/p>\n<ul>\n<li>14.30 Uhr &#8211; 16.30 Uhr Orchester\/Solisten<\/li>\n<li>17.00 Uhr Einsingen Chor<\/li>\n<li>18.00 Uhr <strong>Generalprobe<\/strong><\/li>\n<\/ul>\n<p><strong>\u00a0 \u00a0 <\/strong><\/p>\n","protected":false},"excerpt":{"rendered":"<p>Chormusik, Konzerte, Chorfahrten, Stimmbildung, Chorgemeinschaft \u00a0Sing mit bei ProvoCantus!! Komm vorbei zur Chorprobe! Wir freuen uns auf DICH! WANN: Freitags von 19-21 Uhr, geblockte Proben (siehe unten) WO: Caritasschule Freyung, Ludwig-Penzkofer-Stra\u00dfe 3, 94078 Freyung WER: Jeder der Spa\u00df am Singen hat! N\u00e4chste Projekte: Handel Messiah (Konzerte am 11. und 12. April 2026 in der Pfarrkirche [&hellip;]<\/p>\n","protected":false},"author":1,"featured_media":0,"parent":0,"menu_order":0,"comment_status":"closed","ping_status":"closed","template":"","meta":{"footnotes":""},"class_list":["post-25","page","type-page","status-publish","hentry"],"_links":{"self":[{"href":"https:\/\/www.provocantus.de\/index.php\/wp-json\/wp\/v2\/pages\/25","targetHints":{"allow":["GET"]}}],"collection":[{"href":"https:\/\/www.provocantus.de\/index.php\/wp-json\/wp\/v2\/pages"}],"about":[{"href":"https:\/\/www.provocantus.de\/index.php\/wp-json\/wp\/v2\/types\/page"}],"author":[{"embeddable":true,"href":"https:\/\/www.provocantus.de\/index.php\/wp-json\/wp\/v2\/users\/1"}],"replies":[{"embeddable":true,"href":"https:\/\/www.provocantus.de\/index.php\/wp-json\/wp\/v2\/comments?post=25"}],"version-history":[{"count":47,"href":"https:\/\/www.provocantus.de\/index.php\/wp-json\/wp\/v2\/pages\/25\/revisions"}],"predecessor-version":[{"id":1171,"href":"https:\/\/www.provocantus.de\/index.php\/wp-json\/wp\/v2\/pages\/25\/revisions\/1171"}],"wp:attachment":[{"href":"https:\/\/www.provocantus.de\/index.php\/wp-json\/wp\/v2\/media?parent=25"}],"curies":[{"name":"wp","href":"https:\/\/api.w.org\/{rel}","templated":true}]}}