{"id":354,"date":"2016-01-22T22:33:44","date_gmt":"2016-01-22T21:33:44","guid":{"rendered":"https:\/\/www.provocantus.de\/?page_id=354"},"modified":"2023-08-04T17:13:17","modified_gmt":"2023-08-04T15:13:17","slug":"verein","status":"publish","type":"page","link":"https:\/\/www.provocantus.de\/index.php\/verein\/","title":{"rendered":"Verein"},"content":{"rendered":"<h3>ProvoCantus \u2013 Chormusik im Landkreis Freyung-Grafenau e. V.<\/h3>\n<p>Wenn Sie unsere kulturelle Arbeit f\u00f6rdern wollen, k\u00f6nnen Sie<\/p>\n<p>&#8211; als f\u00f6rderndes Mitglied dem Verein ProvoCantus \u2013 Chormusik im Landkreis Freyung-Grafenau e.V. beitreten.<br \/>\n&#8211; uns mit einer Einzelspende unterst\u00fctzen.<\/p>\n<p>Als F\u00f6rdermitglied erhalten Sie erm\u00e4\u00dfigten Eintritt in eigen veranstaltete Konzerte. Spenden sind steuerlich abzugsf\u00e4hig.<br \/>\nSie erhalten von uns eine Spendenquittung. Selbstverst\u00e4ndlich informieren wir Sie auch gerne \u00fcber aktuelle Projekte und Termine.<\/p>\n<p>Herzlichen Dank f\u00fcr Ihre Unterst\u00fctzung!<\/p>\n<div class=\"divider\" style=\"margin-top:20px; margin-bottom:20px; border-top:1px solid #CCCCCC;width:100%\"\/><\/div>\n<p><strong>Ansprechpartnerin:<\/strong><br \/>\n<span id=\"eeb-338733-718579\"><\/span><script type=\"text\/javascript\">(function() {var ml=\"8CFa2tKn1-57AGo6NvBp3u9IbgRMSkLmPs0ehcE.TVr%lOdfyD4Yi\",mi=\"[D1HZ[4R[42[DV[R<8W[4RY]JLX<@a[D1HZ[4R[42[DV[R<[D1Q5Z>7I[DVV\\\\dQ3HS5T[4RLUTO[1D[B?\\\\\\\\SZ[D1[42Q5Z>7I[DV[D1HZ[4R[42[DV[R<SWQUTO>S\\\\\\\\SZ[bR>E5\\\\>>MW^S[D1HZ[4R[42[DV[R<XS\\\\S_>7[D<[4RR8;:[4R4D:R40b[D1[42C[DV[R<[D1C[DV[D1Q5Z>7I[DVL5SESZ9@EOOSZ[D<[D1[42Q5Z>7I[DV[D1HZ[4R[42[DV[R<8:D[4288R[424RF?;[D1[42C[DV[R<[D1C[DV[D1Q5Z>7I[DV6>75>ASZHd7^E7I[D<[D1[42Q5Z>7I[DV[D1HZ[4R[42[DV[R<PZ>A>1375EQ[4R[V4[0R[FD[4R1T>ZOEQdM[4RdO[4RN37^MZSdQ[4R2ZS`E7I9=Z3_S73E[4RSWYW[D1[42C[DV[R<[D1C[DVLC3ZM3QQS[4R2ZS`E7I9=Z3_S73E[D1HZ[4R[42[DV[R<GB<@[D<[4RaV:F[4R;bR:[4R84DR[4RRR?R[4RR;bD[4R??[D1HZ[4R[42[DV[R<BG1[D<[4RBcN<aVK82J=[D1HZ[4R[42[DV[R<\",o=\"\";for(var j=0,l=mi.length;j<l;j++) {o+=ml.charAt(mi.charCodeAt(j)-48);}document.getElementById(\"eeb-338733-718579\").innerHTML = decodeURIComponent(o);}());<\/script><noscript>*protected email*<\/noscript><\/p>\n","protected":false},"excerpt":{"rendered":"<p>ProvoCantus \u2013 Chormusik im Landkreis Freyung-Grafenau e. V. Wenn Sie unsere kulturelle Arbeit f\u00f6rdern wollen, k\u00f6nnen Sie &#8211; als f\u00f6rderndes Mitglied dem Verein ProvoCantus \u2013 Chormusik im Landkreis Freyung-Grafenau e.V. beitreten. &#8211; uns mit einer Einzelspende unterst\u00fctzen. Als F\u00f6rdermitglied erhalten Sie erm\u00e4\u00dfigten Eintritt in eigen veranstaltete Konzerte. Spenden sind steuerlich abzugsf\u00e4hig. Sie erhalten von uns [&hellip;]<\/p>\n","protected":false},"author":1,"featured_media":0,"parent":0,"menu_order":0,"comment_status":"closed","ping_status":"closed","template":"","meta":{"footnotes":""},"class_list":["post-354","page","type-page","status-publish","hentry"],"_links":{"self":[{"href":"https:\/\/www.provocantus.de\/index.php\/wp-json\/wp\/v2\/pages\/354","targetHints":{"allow":["GET"]}}],"collection":[{"href":"https:\/\/www.provocantus.de\/index.php\/wp-json\/wp\/v2\/pages"}],"about":[{"href":"https:\/\/www.provocantus.de\/index.php\/wp-json\/wp\/v2\/types\/page"}],"author":[{"embeddable":true,"href":"https:\/\/www.provocantus.de\/index.php\/wp-json\/wp\/v2\/users\/1"}],"replies":[{"embeddable":true,"href":"https:\/\/www.provocantus.de\/index.php\/wp-json\/wp\/v2\/comments?post=354"}],"version-history":[{"count":12,"href":"https:\/\/www.provocantus.de\/index.php\/wp-json\/wp\/v2\/pages\/354\/revisions"}],"predecessor-version":[{"id":989,"href":"https:\/\/www.provocantus.de\/index.php\/wp-json\/wp\/v2\/pages\/354\/revisions\/989"}],"wp:attachment":[{"href":"https:\/\/www.provocantus.de\/index.php\/wp-json\/wp\/v2\/media?parent=354"}],"curies":[{"name":"wp","href":"https:\/\/api.w.org\/{rel}","templated":true}]}}