{"id":809,"date":"2021-07-21T11:29:37","date_gmt":"2021-07-21T09:29:37","guid":{"rendered":"https:\/\/www.provocantus.de\/?page_id=809"},"modified":"2023-07-13T08:14:52","modified_gmt":"2023-07-13T06:14:52","slug":"impressum","status":"publish","type":"page","link":"https:\/\/www.provocantus.de\/index.php\/impressum\/","title":{"rendered":"Impressum"},"content":{"rendered":"\n<h2 class=\"wp-block-heading\" id=\"m46\">Diensteanbieter<\/h2>\n\n\n\n<p>ProvoCantus &#8211; Chormusik im Landkreis Freyung-Grafenau e.V.<\/p>\n\n\n\n<p>94118 Jandelsbrunn<\/p>\n\n\n\n<h2 class=\"wp-block-heading\" id=\"m56\">Kontaktm\u00f6glichkeiten<\/h2>\n\n\n\n<p>E-Mail-Adresse: <a href=\"mailto:info@provocantus.de\">info@provocantus.de<\/a><\/p>\n\n\n\n<p>Kontaktformular: <a href=\"https:\/\/www.provocantus.de\/index.php\/kontakt\/\" target=\"_blank\" rel=\"noreferrer noopener\">https:\/\/www.provocantus.de\/index.php\/kontakt\/<\/a><\/p>\n\n\n\n<h2 class=\"wp-block-heading\" id=\"m153\">Vertretungsberechtigte Personen<\/h2>\n\n\n\n<p>Vertretungsberechtigt: 1. Vorstand: Elisabeth Schm\u00f6ller \/ 2. Vorstand: Claudia Seidl<\/p>\n\n\n\n<h2 class=\"wp-block-heading\" id=\"m151\">Register und Registernummer<\/h2>\n\n\n\n<p>Vereinsregister<\/p>\n\n\n\n<p>Gef\u00fchrt bei: Amtsgericht Passau<\/p>\n\n\n\n<p>Nummer: VR 200042<\/p>\n\n\n\n<h2 class=\"wp-block-heading\" id=\"m172\">Social Media und andere Onlinepr\u00e4senzen<\/h2>\n\n\n\n<p>Dieses Impressum gilt auch f\u00fcr die folgenden Social-Media-Pr\u00e4senzen und Onlineprofile:<\/p>\n\n\n\n<p><a href=\"https:\/\/de-de.facebook.com\/provocantus\" target=\"_blank\" rel=\"noopener\">https:\/\/de-de.facebook.com\/provocantus<\/a><\/p>\n\n\n\n<h2 class=\"wp-block-heading\" id=\"m181\">Angaben zu Jugendschutzbeauftragten<\/h2>\n\n\n\n<p>Jugendschutzbeauftragte\/r:<\/p>\n\n\n\n<p>Michael Dropalla<\/p>\n\n\n\n<p><a href=\"https:\/\/datenschutz-generator.de\/?l=de\" target=\"_blank\" rel=\"noreferrer noopener\">Erstellt mit kostenlosem Datenschutz-Generator.de von Dr. Thomas Schwenke<\/a><\/p>\n","protected":false},"excerpt":{"rendered":"<p>Diensteanbieter ProvoCantus &#8211; Chormusik im Landkreis Freyung-Grafenau e.V. 94118 Jandelsbrunn Kontaktm\u00f6glichkeiten E-Mail-Adresse: info@provocantus.de Kontaktformular: https:\/\/www.provocantus.de\/index.php\/kontakt\/ Vertretungsberechtigte Personen Vertretungsberechtigt: 1. Vorstand: Elisabeth Schm\u00f6ller \/ 2. Vorstand: Claudia Seidl Register und Registernummer Vereinsregister Gef\u00fchrt bei: Amtsgericht Passau Nummer: VR 200042 Social Media und andere Onlinepr\u00e4senzen Dieses Impressum gilt auch f\u00fcr die folgenden Social-Media-Pr\u00e4senzen und Onlineprofile: https:\/\/de-de.facebook.com\/provocantus Angaben [&hellip;]<\/p>\n","protected":false},"author":5,"featured_media":0,"parent":0,"menu_order":0,"comment_status":"closed","ping_status":"closed","template":"","meta":{"footnotes":""},"class_list":["post-809","page","type-page","status-publish","hentry"],"_links":{"self":[{"href":"https:\/\/www.provocantus.de\/index.php\/wp-json\/wp\/v2\/pages\/809","targetHints":{"allow":["GET"]}}],"collection":[{"href":"https:\/\/www.provocantus.de\/index.php\/wp-json\/wp\/v2\/pages"}],"about":[{"href":"https:\/\/www.provocantus.de\/index.php\/wp-json\/wp\/v2\/types\/page"}],"author":[{"embeddable":true,"href":"https:\/\/www.provocantus.de\/index.php\/wp-json\/wp\/v2\/users\/5"}],"replies":[{"embeddable":true,"href":"https:\/\/www.provocantus.de\/index.php\/wp-json\/wp\/v2\/comments?post=809"}],"version-history":[{"count":5,"href":"https:\/\/www.provocantus.de\/index.php\/wp-json\/wp\/v2\/pages\/809\/revisions"}],"predecessor-version":[{"id":983,"href":"https:\/\/www.provocantus.de\/index.php\/wp-json\/wp\/v2\/pages\/809\/revisions\/983"}],"wp:attachment":[{"href":"https:\/\/www.provocantus.de\/index.php\/wp-json\/wp\/v2\/media?parent=809"}],"curies":[{"name":"wp","href":"https:\/\/api.w.org\/{rel}","templated":true}]}}